{"id":320,"date":"2017-12-02T20:59:29","date_gmt":"2017-12-02T20:59:29","guid":{"rendered":"http:\/\/www.thresholdguidance.com\/?page_id=320"},"modified":"2017-12-02T20:59:29","modified_gmt":"2017-12-02T20:59:29","slug":"saraswati-namastubhyam","status":"publish","type":"page","link":"http:\/\/www.thresholdguidance.com\/?page_id=320","title":{"rendered":"Saraswati Namastubhyam"},"content":{"rendered":"<h3 class=\"post-title entry-title\">saraswati namastubhyaM \u0938\u0930\u0938\u094d\u0935\u0924\u093f \u0928\u092e\u0938\u094d\u0924\u0941\u092d\u094d\u092f\u0902<\/h3>\n<div class=\"post-header\">\n<div class=\"post-header-line-1\"><\/div>\n<\/div>\n<div id=\"post-body-1904276074400671840\" class=\"post-body entry-content\">\n<div dir=\"ltr\">\n<div class=\"separator\"><a href=\"http:\/\/4.bp.blogspot.com\/_3dg0cNjqC0U\/SkjhX2em4II\/AAAAAAAAAO8\/ENn0OInSAZo\/s1600-h\/saraswati-1.png\"><img decoding=\"async\" id=\"BLOGGER_PHOTO_ID_5352775957006966914\" src=\"https:\/\/4.bp.blogspot.com\/_3dg0cNjqC0U\/SkjhX2em4II\/AAAAAAAAAO8\/ENn0OInSAZo\/s320\/saraswati-1.png\" alt=\"\" border=\"0\" \/><\/a><\/div>\n<p>Salutations to <i>Sarasvat\u012b<\/i> &#8211; the divinity of learning.<\/p>\n<div>\u0938\u0930\u0938\u094d\u0935\u0924\u093f \u0928\u092e\u0938\u094d\u0924\u0941\u092d\u094d\u092f\u0902 \u0935\u0930\u0926\u0947 \u0915\u093e\u092e\u0930\u0942\u092a\u093f\u0923\u093f \u0964<br \/>\n\u0935\u093f\u0926\u094d\u092f\u093e\u0930\u092e\u094d\u092d\u0902 \u0915\u0930\u093f\u0937\u094d\u092f\u093e\u092e\u093f \u0938\u093f\u0926\u094d\u0927\u093f\u0930\u094d\u092d\u0935\u0924\u0941 \u092e\u0947 \u0938\u0926\u093e \u0965<\/div>\n<div><\/div>\n<div>saraswati namastubhyam varad\u00e9 k\u0101mar\u016bpi\u1e47i |<\/div>\n<div>vidy\u0101rambham kari\u1e63hy\u0101mi, siddhirbhavatu m\u00e9 sad\u0101 || (IAST)<\/div>\n<div><\/div>\n<\/div>\n<\/div>\n<div><\/div>\n<div id=\"post-body-1904276074400671840\" class=\"post-body entry-content\">\n<div dir=\"ltr\">\n<div>O <i>Saraswat\u012b<\/i>, salutations for you, O Giver of boons, O <i>K\u0101mar\u016bpi\u1e47\u012b <\/i>,<\/div>\n<div>I am going to start studies, may success be mine, always.<\/div>\n<div><\/div>\n<\/div>\n<\/div>\n<div><a href=\"http:\/\/blog.practicalsanskrit.com\/2009\/06\/saraswati-namastubhyam.html\">http:\/\/blog.practicalsanskrit.com\/2009\/06\/saraswati-namastubhyam.html<\/a><\/div>\n","protected":false},"excerpt":{"rendered":"<p>saraswati namastubhyaM \u0938\u0930\u0938\u094d\u0935\u0924\u093f \u0928\u092e\u0938\u094d\u0924\u0941\u092d\u094d\u092f\u0902 Salutations to Sarasvat\u012b &#8211; the divinity of learning. \u0938\u0930\u0938\u094d\u0935\u0924\u093f \u0928\u092e\u0938\u094d\u0924\u0941\u092d\u094d\u092f\u0902 \u0935\u0930\u0926\u0947 \u0915\u093e\u092e\u0930\u0942\u092a\u093f\u0923\u093f \u0964 \u0935\u093f\u0926\u094d\u092f\u093e\u0930\u092e\u094d\u092d\u0902 \u0915\u0930\u093f\u0937\u094d\u092f\u093e\u092e\u093f \u0938\u093f\u0926\u094d\u0927\u093f\u0930\u094d\u092d\u0935\u0924\u0941 \u092e\u0947 \u0938\u0926\u093e \u0965 saraswati namastubhyam varad\u00e9 k\u0101mar\u016bpi\u1e47i | vidy\u0101rambham kari\u1e63hy\u0101mi, siddhirbhavatu m\u00e9 sad\u0101 || (IAST) O Saraswat\u012b, salutations for you, &hellip; <a class=\"more-link\" href=\"http:\/\/www.thresholdguidance.com\/?page_id=320\">Continue reading <span class=\"meta-nav\">&rarr;<\/span><\/a><\/p>\n","protected":false},"author":2,"featured_media":0,"parent":27,"menu_order":0,"comment_status":"closed","ping_status":"closed","template":"","meta":{"footnotes":""},"class_list":["post-320","page","type-page","status-publish","hentry"],"aioseo_notices":[],"_links":{"self":[{"href":"http:\/\/www.thresholdguidance.com\/index.php?rest_route=\/wp\/v2\/pages\/320","targetHints":{"allow":["GET"]}}],"collection":[{"href":"http:\/\/www.thresholdguidance.com\/index.php?rest_route=\/wp\/v2\/pages"}],"about":[{"href":"http:\/\/www.thresholdguidance.com\/index.php?rest_route=\/wp\/v2\/types\/page"}],"author":[{"embeddable":true,"href":"http:\/\/www.thresholdguidance.com\/index.php?rest_route=\/wp\/v2\/users\/2"}],"replies":[{"embeddable":true,"href":"http:\/\/www.thresholdguidance.com\/index.php?rest_route=%2Fwp%2Fv2%2Fcomments&post=320"}],"version-history":[{"count":1,"href":"http:\/\/www.thresholdguidance.com\/index.php?rest_route=\/wp\/v2\/pages\/320\/revisions"}],"predecessor-version":[{"id":321,"href":"http:\/\/www.thresholdguidance.com\/index.php?rest_route=\/wp\/v2\/pages\/320\/revisions\/321"}],"up":[{"embeddable":true,"href":"http:\/\/www.thresholdguidance.com\/index.php?rest_route=\/wp\/v2\/pages\/27"}],"wp:attachment":[{"href":"http:\/\/www.thresholdguidance.com\/index.php?rest_route=%2Fwp%2Fv2%2Fmedia&parent=320"}],"curies":[{"name":"wp","href":"https:\/\/api.w.org\/{rel}","templated":true}]}}